{"id":1025,"date":"2026-01-23T08:19:03","date_gmt":"2026-01-23T08:19:03","guid":{"rendered":"https:\/\/maschinenring-medical.de\/?page_id=1025"},"modified":"2026-01-23T08:23:01","modified_gmt":"2026-01-23T08:23:01","slug":"application","status":"publish","type":"page","link":"https:\/\/maschinenring-medical.de\/en\/bewerbung\/","title":{"rendered":"Application"},"content":{"rendered":"<div data-elementor-type=\"wp-page\" data-elementor-id=\"1025\" class=\"elementor elementor-1025\" data-elementor-post-type=\"page\">\n\t\t\t\t<div class=\"elementor-element elementor-element-d31358e header-hg e-flex e-con-boxed e-con e-parent\" data-id=\"d31358e\" data-element_type=\"container\" data-e-type=\"container\" data-settings=\"{&quot;background_background&quot;:&quot;classic&quot;}\">\n\t\t\t\t\t<div class=\"e-con-inner\">\n\t\t<div class=\"elementor-element elementor-element-9eb1f76 e-con-full e-flex e-con e-child\" data-id=\"9eb1f76\" data-element_type=\"container\" data-e-type=\"container\">\n\t\t\t\t<div class=\"elementor-element elementor-element-5892755 elementor-widget elementor-widget-text-editor\" data-id=\"5892755\" data-element_type=\"widget\" data-e-type=\"widget\" data-widget_type=\"text-editor.default\">\n\t\t\t\t\t\t\t\t\t<h1><strong>Application<\/strong><\/h1><p>Write to us - we will accompany and support you!<\/p>\t\t\t\t\t\t\t\t<\/div>\n\t\t\t\t<\/div>\n\t\t\t\t\t<\/div>\n\t\t\t\t<\/div>\n\t\t<div class=\"elementor-element elementor-element-a36ac59 e-flex e-con-boxed e-con e-parent\" data-id=\"a36ac59\" data-element_type=\"container\" data-e-type=\"container\" data-settings=\"{&quot;background_background&quot;:&quot;classic&quot;}\">\n\t\t\t\t\t<div class=\"e-con-inner\">\n\t\t<div class=\"elementor-element elementor-element-db73c93 e-grid e-con-full content-wrapper e-con e-child\" data-id=\"db73c93\" data-element_type=\"container\" data-e-type=\"container\">\n\t\t<div class=\"elementor-element elementor-element-24ca917 e-con-full e-flex e-con e-child\" data-id=\"24ca917\" data-element_type=\"container\" data-e-type=\"container\">\n\t\t\t\t<div class=\"elementor-element elementor-element-e3bdadc elementor-widget elementor-widget-text-editor\" data-id=\"e3bdadc\" data-element_type=\"widget\" data-e-type=\"widget\" data-widget_type=\"text-editor.default\">\n\t\t\t\t\t\t\t\t\t<h2>Quick application:<\/h2><p>With the help of our quick application you can apply for suitable job advertisements from us in just a few moments!<\/p><p>Simply fill out the form on the right and send us your details with one click.<\/p><p>We will get back to you as soon as possible!<\/p><p>\u00a0<\/p><h5><strong>Your contact persons on site:<\/strong><\/h5><p><strong>Freising \/ Erding office<\/strong><br \/>Andrea Dittmann - Bienefeld<br \/>Degernpoint E3<br \/>85368 Moosburg<br \/>+49 152 248 21 89 5<\/p><p><strong>Massing office<\/strong><br \/>Angela Jakubetz<br \/>Marketplace 9<br \/>84323 Massing<br \/>+49 162 58 97 79 3<\/p>\t\t\t\t\t\t\t\t<\/div>\n\t\t\t\t<\/div>\n\t\t<div class=\"elementor-element elementor-element-2fe8270 e-con-full e-flex e-con e-child\" data-id=\"2fe8270\" data-element_type=\"container\" data-e-type=\"container\">\n\t\t\t\t<div class=\"elementor-element elementor-element-711f41f elementor-widget elementor-widget-text-editor\" data-id=\"711f41f\" data-element_type=\"widget\" data-e-type=\"widget\" data-widget_type=\"text-editor.default\">\n\t\t\t\t\t\t\t\t\t\n<div class=\"wpcf7 no-js\" id=\"wpcf7-f1032-o1\" lang=\"de-DE\" dir=\"ltr\" data-wpcf7-id=\"1032\">\n<div class=\"screen-reader-response\"><p role=\"status\" aria-live=\"polite\" aria-atomic=\"true\"><\/p> <ul><\/ul><\/div>\n<form action=\"\/en\/wp-json\/wp\/v2\/pages\/1025#wpcf7-f1032-o1\" method=\"post\" class=\"wpcf7-form init\" aria-label=\"Contact form\" enctype=\"multipart\/form-data\" novalidate=\"novalidate\" data-status=\"init\" data-trp-original-action=\"\/en\/wp-json\/wp\/v2\/pages\/1025#wpcf7-f1032-o1\">\n<fieldset class=\"hidden-fields-container\"><input type=\"hidden\" name=\"_wpcf7\" value=\"1032\" \/><input type=\"hidden\" name=\"_wpcf7_version\" value=\"6.1.5\" \/><input type=\"hidden\" name=\"_wpcf7_locale\" value=\"de_DE\" \/><input type=\"hidden\" name=\"_wpcf7_unit_tag\" value=\"wpcf7-f1032-o1\" \/><input type=\"hidden\" name=\"_wpcf7_container_post\" value=\"0\" \/><input type=\"hidden\" name=\"_wpcf7_posted_data_hash\" value=\"\" \/><input type=\"hidden\" name=\"_wpcf7_recaptcha_response\" value=\"\" \/>\n<\/fieldset>\n<p><label> Application as<br \/>\n<span class=\"wpcf7-form-control-wrap\" data-name=\"bewerbung-als\"><input size=\"40\" maxlength=\"400\" class=\"wpcf7-form-control wpcf7-text wpcf7-validates-as-required\" aria-required=\"true\" aria-invalid=\"false\" value=\"\" type=\"text\" name=\"bewerbung-als\" \/><\/span><\/label>\n<\/p>\n<p><label> Your name<br \/>\n<span class=\"wpcf7-form-control-wrap\" data-name=\"your-name\"><input size=\"40\" maxlength=\"400\" class=\"wpcf7-form-control wpcf7-text wpcf7-validates-as-required\" autocomplete=\"name\" aria-required=\"true\" aria-invalid=\"false\" value=\"\" type=\"text\" name=\"your-name\" \/><\/span> <\/label>\n<\/p>\n<p><label> Your e-mail address<br \/>\n<span class=\"wpcf7-form-control-wrap\" data-name=\"your-email\"><input size=\"40\" maxlength=\"400\" class=\"wpcf7-form-control wpcf7-email wpcf7-validates-as-required wpcf7-text wpcf7-validates-as-email\" autocomplete=\"email\" aria-required=\"true\" aria-invalid=\"false\" value=\"\" type=\"email\" name=\"your-email\" \/><\/span><br \/>\n<\/label>\n<\/p>\n<p><label> Your curriculum vitae<br \/>\n<span class=\"wpcf7-form-control-wrap\" data-name=\"lebenslauf\"><input size=\"40\" class=\"wpcf7-form-control wpcf7-file\" accept=\".pdf,.jpg,.png\" aria-invalid=\"false\" type=\"file\" name=\"lebenslauf\" \/><\/span><br \/>\n<\/label>\n<\/p>\n<p><label> Your certificates<br \/>\n<span class=\"wpcf7-form-control-wrap\" data-name=\"zeugnis\"><input size=\"40\" class=\"wpcf7-form-control wpcf7-file\" accept=\".pdf,.jpg,.png\" aria-invalid=\"false\" type=\"file\" name=\"zeugnis\" \/><\/span><br \/>\n<\/label>\n<\/p>\n<p><label> Your cover letter<br \/>\n<span class=\"wpcf7-form-control-wrap\" data-name=\"bewerbungsanschreiben\"><input size=\"40\" class=\"wpcf7-form-control wpcf7-file wpcf7-validates-as-required\" accept=\".pdf,.jpg,.png\" aria-required=\"true\" aria-invalid=\"false\" type=\"file\" name=\"bewerbungsanschreiben\" \/><\/span><br \/>\n<\/label>\n<\/p>\n<p><label> Your message (optional)<br \/>\n<span class=\"wpcf7-form-control-wrap\" data-name=\"your-message\"><textarea cols=\"40\" rows=\"10\" maxlength=\"2000\" class=\"wpcf7-form-control wpcf7-textarea\" aria-invalid=\"false\" name=\"your-message\"><\/textarea><\/span> <\/label>\n<\/p>\n<p><span class=\"wpcf7-form-control-wrap\" data-name=\"acceptance-925\"><span class=\"wpcf7-form-control wpcf7-acceptance\"><span class=\"wpcf7-list-item\"><label><input type=\"checkbox\" name=\"acceptance-925\" value=\"1\" aria-invalid=\"false\" \/><span class=\"wpcf7-list-item-label\">I agree that this data may be stored and processed for the purpose of contacting me.<\/span><\/label><\/span><\/span><\/span><br \/>\n<input class=\"wpcf7-form-control wpcf7-submit has-spinner\" type=\"submit\" value=\"Send\" \/>\n<\/p><input type='hidden' class='wpcf7-pum' value='{\"closepopup\":false,\"closedelay\":0,\"openpopup\":false,\"openpopup_id\":0}' \/><div class=\"wpcf7-response-output\" aria-hidden=\"true\"><\/div>\n<input type=\"hidden\" name=\"trp-form-language\" value=\"en\"\/><\/form>\n<\/div>\n\t\t\t\t\t\t\t\t<\/div>\n\t\t\t\t<\/div>\n\t\t\t\t<\/div>\n\t\t\t\t\t<\/div>\n\t\t\t\t<\/div>\n\t\t\t\t<\/div>","protected":false},"excerpt":{"rendered":"<p>Bewerbung Schreiben Sie uns \u2013 wir begleiten und unterst\u00fctzen Sie! Schnellbewerbung: Mit Hilfe unserer Schnellbewerbung k\u00f6nnen Sie sich in wenigen Augenblicken auf passende Stellenanzeigen von uns bewerben! F\u00fcllen Sie dazu ganz einfach das Formular rechts aus und schicken Sie uns Ihre Angaben im Anschluss mit einem Klick. Wir melden uns dann zeitnah bei Ihnen zur\u00fcck! [&hellip;]<\/p>\n","protected":false},"author":1,"featured_media":0,"parent":0,"menu_order":0,"comment_status":"closed","ping_status":"closed","template":"elementor_header_footer","meta":{"_acf_changed":false,"footnotes":""},"class_list":["post-1025","page","type-page","status-publish","hentry"],"acf":[],"yoast_head":"<!-- This site is optimized with the Yoast SEO plugin v27.5 - https:\/\/yoast.com\/product\/yoast-seo-wordpress\/ -->\n<title>Bewerbung - Maschinenring Medical<\/title>\n<meta name=\"robots\" content=\"index, follow, max-snippet:-1, max-image-preview:large, max-video-preview:-1\" \/>\n<link rel=\"canonical\" href=\"https:\/\/maschinenring-medical.de\/en\/application\/\" \/>\n<meta property=\"og:locale\" content=\"en_US\" \/>\n<meta property=\"og:type\" content=\"article\" \/>\n<meta property=\"og:title\" content=\"Bewerbung - Maschinenring Medical\" \/>\n<meta property=\"og:description\" content=\"Bewerbung Schreiben Sie uns \u2013 wir begleiten und unterst\u00fctzen Sie! Schnellbewerbung: Mit Hilfe unserer Schnellbewerbung k\u00f6nnen Sie sich in wenigen Augenblicken auf passende Stellenanzeigen von uns bewerben! F\u00fcllen Sie dazu ganz einfach das Formular rechts aus und schicken Sie uns Ihre Angaben im Anschluss mit einem Klick. Wir melden uns dann zeitnah bei Ihnen zur\u00fcck! [&hellip;]\" \/>\n<meta property=\"og:url\" content=\"https:\/\/maschinenring-medical.de\/en\/application\/\" \/>\n<meta property=\"og:site_name\" content=\"Maschinenring Medical\" \/>\n<meta property=\"article:modified_time\" content=\"2026-01-23T08:23:01+00:00\" \/>\n<meta name=\"twitter:card\" content=\"summary_large_image\" \/>\n<script type=\"application\/ld+json\" class=\"yoast-schema-graph\">{\"@context\":\"https:\\\/\\\/schema.org\",\"@graph\":[{\"@type\":\"WebPage\",\"@id\":\"https:\\\/\\\/maschinenring-medical.de\\\/bewerbung\\\/\",\"url\":\"https:\\\/\\\/maschinenring-medical.de\\\/bewerbung\\\/\",\"name\":\"Bewerbung - Maschinenring Medical\",\"isPartOf\":{\"@id\":\"https:\\\/\\\/maschinenring-medical.de\\\/#website\"},\"datePublished\":\"2026-01-23T08:19:03+00:00\",\"dateModified\":\"2026-01-23T08:23:01+00:00\",\"breadcrumb\":{\"@id\":\"https:\\\/\\\/maschinenring-medical.de\\\/bewerbung\\\/#breadcrumb\"},\"inLanguage\":\"en-US\",\"potentialAction\":[{\"@type\":\"ReadAction\",\"target\":[\"https:\\\/\\\/maschinenring-medical.de\\\/bewerbung\\\/\"]}]},{\"@type\":\"BreadcrumbList\",\"@id\":\"https:\\\/\\\/maschinenring-medical.de\\\/bewerbung\\\/#breadcrumb\",\"itemListElement\":[{\"@type\":\"ListItem\",\"position\":1,\"name\":\"Start\",\"item\":\"https:\\\/\\\/maschinenring-medical.de\\\/\"},{\"@type\":\"ListItem\",\"position\":2,\"name\":\"Bewerbung\"}]},{\"@type\":\"WebSite\",\"@id\":\"https:\\\/\\\/maschinenring-medical.de\\\/#website\",\"url\":\"https:\\\/\\\/maschinenring-medical.de\\\/\",\"name\":\"Maschinenring Medical\",\"description\":\"Fachkr&auml;ftevermittlung f&uuml;r den medizinischen Sektor\",\"publisher\":{\"@id\":\"https:\\\/\\\/maschinenring-medical.de\\\/#organization\"},\"potentialAction\":[{\"@type\":\"SearchAction\",\"target\":{\"@type\":\"EntryPoint\",\"urlTemplate\":\"https:\\\/\\\/maschinenring-medical.de\\\/?s={search_term_string}\"},\"query-input\":{\"@type\":\"PropertyValueSpecification\",\"valueRequired\":true,\"valueName\":\"search_term_string\"}}],\"inLanguage\":\"en-US\"},{\"@type\":\"Organization\",\"@id\":\"https:\\\/\\\/maschinenring-medical.de\\\/#organization\",\"name\":\"Maschinenring Medical\",\"url\":\"https:\\\/\\\/maschinenring-medical.de\\\/\",\"logo\":{\"@type\":\"ImageObject\",\"inLanguage\":\"en-US\",\"@id\":\"https:\\\/\\\/maschinenring-medical.de\\\/#\\\/schema\\\/logo\\\/image\\\/\",\"url\":\"https:\\\/\\\/maschinenring-medical.de\\\/wp-content\\\/uploads\\\/2025\\\/12\\\/Logo-Maschinenring-Medical-NEGATIV-Weiss-scaled.png\",\"contentUrl\":\"https:\\\/\\\/maschinenring-medical.de\\\/wp-content\\\/uploads\\\/2025\\\/12\\\/Logo-Maschinenring-Medical-NEGATIV-Weiss-scaled.png\",\"width\":2560,\"height\":876,\"caption\":\"Maschinenring Medical\"},\"image\":{\"@id\":\"https:\\\/\\\/maschinenring-medical.de\\\/#\\\/schema\\\/logo\\\/image\\\/\"}}]}<\/script>\n<!-- \/ Yoast SEO plugin. -->","yoast_head_json":{"title":"Application - Maschinenring Medical","robots":{"index":"index","follow":"follow","max-snippet":"max-snippet:-1","max-image-preview":"max-image-preview:large","max-video-preview":"max-video-preview:-1"},"canonical":"https:\/\/maschinenring-medical.de\/en\/application\/","og_locale":"en_US","og_type":"article","og_title":"Bewerbung - Maschinenring Medical","og_description":"Bewerbung Schreiben Sie uns \u2013 wir begleiten und unterst\u00fctzen Sie! Schnellbewerbung: Mit Hilfe unserer Schnellbewerbung k\u00f6nnen Sie sich in wenigen Augenblicken auf passende Stellenanzeigen von uns bewerben! F\u00fcllen Sie dazu ganz einfach das Formular rechts aus und schicken Sie uns Ihre Angaben im Anschluss mit einem Klick. Wir melden uns dann zeitnah bei Ihnen zur\u00fcck! [&hellip;]","og_url":"https:\/\/maschinenring-medical.de\/en\/application\/","og_site_name":"Maschinenring Medical","article_modified_time":"2026-01-23T08:23:01+00:00","twitter_card":"summary_large_image","schema":{"@context":"https:\/\/schema.org","@graph":[{"@type":"WebPage","@id":"https:\/\/maschinenring-medical.de\/bewerbung\/","url":"https:\/\/maschinenring-medical.de\/bewerbung\/","name":"Application - Maschinenring Medical","isPartOf":{"@id":"https:\/\/maschinenring-medical.de\/#website"},"datePublished":"2026-01-23T08:19:03+00:00","dateModified":"2026-01-23T08:23:01+00:00","breadcrumb":{"@id":"https:\/\/maschinenring-medical.de\/bewerbung\/#breadcrumb"},"inLanguage":"en-US","potentialAction":[{"@type":"ReadAction","target":["https:\/\/maschinenring-medical.de\/bewerbung\/"]}]},{"@type":"BreadcrumbList","@id":"https:\/\/maschinenring-medical.de\/bewerbung\/#breadcrumb","itemListElement":[{"@type":"ListItem","position":1,"name":"Start","item":"https:\/\/maschinenring-medical.de\/"},{"@type":"ListItem","position":2,"name":"Bewerbung"}]},{"@type":"WebSite","@id":"https:\/\/maschinenring-medical.de\/#website","url":"https:\/\/maschinenring-medical.de\/","name":"Maschinenring Medical","description":"Placement of specialists for the medical sector","publisher":{"@id":"https:\/\/maschinenring-medical.de\/#organization"},"potentialAction":[{"@type":"SearchAction","target":{"@type":"EntryPoint","urlTemplate":"https:\/\/maschinenring-medical.de\/?s={search_term_string}"},"query-input":{"@type":"PropertyValueSpecification","valueRequired":true,"valueName":"search_term_string"}}],"inLanguage":"en-US"},{"@type":"Organization","@id":"https:\/\/maschinenring-medical.de\/#organization","name":"Maschinenring Medical","url":"https:\/\/maschinenring-medical.de\/","logo":{"@type":"ImageObject","inLanguage":"en-US","@id":"https:\/\/maschinenring-medical.de\/#\/schema\/logo\/image\/","url":"https:\/\/maschinenring-medical.de\/wp-content\/uploads\/2025\/12\/Logo-Maschinenring-Medical-NEGATIV-Weiss-scaled.png","contentUrl":"https:\/\/maschinenring-medical.de\/wp-content\/uploads\/2025\/12\/Logo-Maschinenring-Medical-NEGATIV-Weiss-scaled.png","width":2560,"height":876,"caption":"Maschinenring Medical"},"image":{"@id":"https:\/\/maschinenring-medical.de\/#\/schema\/logo\/image\/"}}]}},"_links":{"self":[{"href":"https:\/\/maschinenring-medical.de\/en\/wp-json\/wp\/v2\/pages\/1025","targetHints":{"allow":["GET"]}}],"collection":[{"href":"https:\/\/maschinenring-medical.de\/en\/wp-json\/wp\/v2\/pages"}],"about":[{"href":"https:\/\/maschinenring-medical.de\/en\/wp-json\/wp\/v2\/types\/page"}],"author":[{"embeddable":true,"href":"https:\/\/maschinenring-medical.de\/en\/wp-json\/wp\/v2\/users\/1"}],"replies":[{"embeddable":true,"href":"https:\/\/maschinenring-medical.de\/en\/wp-json\/wp\/v2\/comments?post=1025"}],"version-history":[{"count":8,"href":"https:\/\/maschinenring-medical.de\/en\/wp-json\/wp\/v2\/pages\/1025\/revisions"}],"predecessor-version":[{"id":2011,"href":"https:\/\/maschinenring-medical.de\/en\/wp-json\/wp\/v2\/pages\/1025\/revisions\/2011"}],"wp:attachment":[{"href":"https:\/\/maschinenring-medical.de\/en\/wp-json\/wp\/v2\/media?parent=1025"}],"curies":[{"name":"wp","href":"https:\/\/api.w.org\/{rel}","templated":true}]}}