{"id":348,"date":"2026-01-13T13:28:49","date_gmt":"2026-01-13T13:28:49","guid":{"rendered":"https:\/\/maschinenring-medical.de\/?page_id=348"},"modified":"2026-02-09T09:37:17","modified_gmt":"2026-02-09T09:37:17","slug":"data-protection-declaration","status":"publish","type":"page","link":"https:\/\/maschinenring-medical.de\/en\/datenschutzerklaerung\/","title":{"rendered":"Privacy Policy"},"content":{"rendered":"<div data-elementor-type=\"wp-page\" data-elementor-id=\"348\" class=\"elementor elementor-348\" data-elementor-post-type=\"page\">\n\t\t\t\t<div class=\"elementor-element elementor-element-e5326e8 e-flex e-con-boxed e-con e-parent\" data-id=\"e5326e8\" data-element_type=\"container\" data-e-type=\"container\" data-settings=\"{&quot;background_background&quot;:&quot;classic&quot;}\">\n\t\t\t\t\t<div class=\"e-con-inner\">\n\t\t<div class=\"elementor-element elementor-element-d56c52b e-con-full e-flex e-con e-child\" data-id=\"d56c52b\" data-element_type=\"container\" data-e-type=\"container\">\n\t\t\t\t<div class=\"elementor-element elementor-element-34f2cb1 elementor-widget elementor-widget-text-editor\" data-id=\"34f2cb1\" data-element_type=\"widget\" data-e-type=\"widget\" data-widget_type=\"text-editor.default\">\n\t\t\t\t\t\t\t\t\t<h1><strong>Privacy Policy<\/strong><\/h1><p><strong>Data protection<\/strong><\/p><p><strong>Data protection information - in accordance with the EU General Data Protection Regulation (GDPR)<\/strong><\/p><p><strong><br \/>Maschinenring Personaldienste GmbH (MRPD) takes the protection of your personal data very seriously and processes it in accordance with the applicable data protection requirements. Personal data within the meaning of this information is all information that can be related to your person.<br \/><\/strong><\/p><p><strong>1. who is the data controller and how can I contact them?<\/strong><\/p><p>Maschinenring Personnel Services GmbH<\/p><p>Am Maschinenring 1<\/p><p>86633 Neuburg on the Danube<\/p><p>Germany<\/p><p>Tel. 0049 (8431) 5388 - 157<\/p><p>Fax 0049 (8431) 5388 - 290<\/p><p>E-mail: zentrale@maschinenring-personaldienste.de<\/p><p>Internet: www.maschinenring-personaldienste.de<\/p><p><strong>2. how can I contact my data protection officer?<\/strong><\/p><p>MR Beratungs- und Dienstleistungs GmbH<\/p><p>z. For the attention of the Data Protection Officer<\/p><p>Am Maschinenring 1<\/p><p>86633 Neuburg on the Danube<\/p><p>Tel. 0049 8431 5388-0<\/p><p>Fax 0049 8431 5388-290<\/p><p>E-Mail:<br \/><a href=\"mailto:kbm.datenschutzbeauftragter@maschinenringe.de\"><br \/>kbm.datenschutzbeauftragter@maschinenringe.de<br \/><\/a><\/p><p><strong>3. sources of the personal data<\/strong><\/p><p>We process personal data that we receive from you in the course of your visit to our website, when you contact us by e-mail or via a contact form, by telephone or in writing.<\/p><p><strong>4. what personal data is processed, for what purposes and on what legal basis?<\/strong><\/p><p><strong>4.1 Visiting the website for information<\/strong><\/p><p>If you visit our website purely for information purposes, we collect technically necessary data:<\/p><ul><li>IP address<\/li><li>Date and time of access<\/li><li>Name and URL of the retrieved data<\/li><li>Access status<\/li><li>Browser and operating system<\/li><li>Referrer URL<\/li><li>Amount of data transferred<\/li><\/ul><p>Legal basis: Art. 6 para. 1 lit. f GDPR.<\/p><p><strong>4.2 Making contact<\/strong><\/p><p>When contacting us by form, e-mail or telephone, the data transmitted will be stored for processing.<\/p><p>Legal basis: Art. 6 para. 1 lit. b or lit. f GDPR.<\/p><p><strong>4.3 Mediation, conclusion and execution of contracts<\/strong><\/p><p>Your data will be processed for the performance of the contract and fulfillment of legal obligations.<\/p><p><strong>4.4 Marketing and direct advertising<\/strong><\/p><p>Marketing measures are carried out exclusively on the basis of your consent.<\/p><p><strong>4.5 Application procedure and employment relationship<\/strong><\/p><p>We process applicant data to carry out the application process and a possible employment relationship.<\/p><p>Legal basis: Art. 6 para. 1 lit. b GDPR.<\/p><p>Application data will be deleted no later than six months after completion of the procedure.<\/p><p><strong>5. web analysis \/ third party providers<\/strong><\/p><p><strong>Google Analytics<\/strong><\/p><p>This website uses Google Analytics. You can prevent data collection:<br \/><a href=\"http:\/\/tools.google.com\/dlpage\/gaoptout\" target=\"_blank\" rel=\"noopener\"><br \/>http:\/\/tools.google.com\/dlpage\/gaoptout<br \/><\/a><\/p><p><strong>Google Maps<\/strong><\/p><p>When using Google Maps, data is processed by Google.<\/p><p><strong>Google reCAPTCHA<\/strong><\/p><p>Privacy policy:<br \/><a href=\"https:\/\/www.google.com\/policies\/privacy\/\" target=\"_blank\" rel=\"noopener\"><br \/>https:\/\/www.google.com\/policies\/privacy\/<br \/><\/a><\/p><p><strong>YouTube<\/strong><\/p><p>Privacy policy:<br \/><a href=\"https:\/\/policies.google.com\/privacy\" target=\"_blank\" rel=\"noopener\"><br \/>https:\/\/policies.google.com\/privacy<br \/><\/a><\/p><p><strong>6. recipient of the data<\/strong><\/p><p>Recipients are internal employees, processors, customer companies and, if applicable, authorities.<\/p><p><strong>7. data transfer to third countries<\/strong><\/p><p>Transmission only takes place when using external services in accordance with EU standard contractual clauses.<\/p><p><strong>8. your rights<\/strong><\/p><p>You have the right to access, rectification, erasure, restriction, objection and data portability.<\/p><p><strong>9. right of appeal<\/strong><\/p><p>You have the right to lodge a complaint with a data protection supervisory authority.<\/p><p><strong>10. amendment of the privacy policy<\/strong><\/p><p>This privacy policy may be updated.<\/p><p>\u00a0<\/p><p><strong>11. cookies<\/strong><\/p><p>We use the &bdquo;Real Cookie Banner&ldquo; consent tool to manage the cookies and similar technologies used (tracking pixels, web beacons, etc.) and related consents. You can find details on how &bdquo;Real Cookie Banner&ldquo; works at &lt;a href=&quot;\/en\/&ldquo;https:\/\/devowl.io\/de\/rcb\/datenverarbeitung\/&ldquo;\/&quot; rel=&quot;&ldquo;noreferrer&ldquo;&quot; target=&quot;&ldquo;_blank&ldquo;&quot;&gt;https:\/\/devowl.io\/de\/rcb\/datenverarbeitung\/&lt;\/a&gt;.<\/p><p>The legal basis for the processing of personal data in this context is Art. 6 para. 1 lit. c GDPR and Art. 6 para. 1 lit. f GDPR. Our legitimate interest is the management of the cookies and similar technologies used and the related consents.<\/p><p>The provision of personal data is neither contractually required nor necessary for the conclusion of a contract. You are not obliged to provide the personal data. If you do not provide the personal data, we will not be able to manage your consent.<\/p>\t\t\t\t\t\t\t\t<\/div>\n\t\t\t\t<\/div>\n\t\t\t\t\t<\/div>\n\t\t\t\t<\/div>\n\t\t\t\t<\/div>","protected":false},"excerpt":{"rendered":"<p>Datenschutzerkl\u00e4rung Datenschutz Datenschutzinformation \u2013 nach der EU-Datenschutz-Grundverordnung DS-GVO Die Maschinenring Personaldienste GmbH (MRPD) nehmen den Schutz Ihrer personenbezogenen Daten sehr ernst und verarbeiten diese im Einklang mit den jeweils g\u00fcltigen Datenschutzanforderungen. Personenbezogene Daten im Sinne dieser Information sind s\u00e4mtliche Informationen, die einen Bezug zu Ihrer Person aufweisen k\u00f6nnen. 1. Wer ist der Verantwortliche f\u00fcr die [&hellip;]<\/p>\n","protected":false},"author":1,"featured_media":0,"parent":0,"menu_order":0,"comment_status":"closed","ping_status":"closed","template":"","meta":{"_acf_changed":false,"footnotes":""},"class_list":["post-348","page","type-page","status-publish","hentry"],"acf":[],"yoast_head":"<!-- This site is optimized with the Yoast SEO plugin v27.5 - https:\/\/yoast.com\/product\/yoast-seo-wordpress\/ -->\n<title>Datenschutzerkl\u00e4rung - Maschinenring Medical<\/title>\n<meta name=\"robots\" content=\"index, follow, max-snippet:-1, max-image-preview:large, max-video-preview:-1\" \/>\n<link rel=\"canonical\" href=\"https:\/\/maschinenring-medical.de\/en\/data-protection-declaration\/\" \/>\n<meta property=\"og:locale\" content=\"en_US\" \/>\n<meta property=\"og:type\" content=\"article\" \/>\n<meta property=\"og:title\" content=\"Datenschutzerkl\u00e4rung - Maschinenring Medical\" \/>\n<meta property=\"og:description\" content=\"Datenschutzerkl\u00e4rung Datenschutz Datenschutzinformation \u2013 nach der EU-Datenschutz-Grundverordnung DS-GVO Die Maschinenring Personaldienste GmbH (MRPD) nehmen den Schutz Ihrer personenbezogenen Daten sehr ernst und verarbeiten diese im Einklang mit den jeweils g\u00fcltigen Datenschutzanforderungen. Personenbezogene Daten im Sinne dieser Information sind s\u00e4mtliche Informationen, die einen Bezug zu Ihrer Person aufweisen k\u00f6nnen. 1. Wer ist der Verantwortliche f\u00fcr die [&hellip;]\" \/>\n<meta property=\"og:url\" content=\"https:\/\/maschinenring-medical.de\/en\/data-protection-declaration\/\" \/>\n<meta property=\"og:site_name\" content=\"Maschinenring Medical\" \/>\n<meta property=\"article:modified_time\" content=\"2026-02-09T09:37:17+00:00\" \/>\n<meta name=\"twitter:card\" content=\"summary_large_image\" \/>\n<meta name=\"twitter:label1\" content=\"Est. reading time\" \/>\n\t<meta name=\"twitter:data1\" content=\"3 minutes\" \/>\n<script type=\"application\/ld+json\" class=\"yoast-schema-graph\">{\"@context\":\"https:\\\/\\\/schema.org\",\"@graph\":[{\"@type\":\"WebPage\",\"@id\":\"https:\\\/\\\/maschinenring-medical.de\\\/datenschutzerklaerung\\\/\",\"url\":\"https:\\\/\\\/maschinenring-medical.de\\\/datenschutzerklaerung\\\/\",\"name\":\"Datenschutzerkl\u00e4rung - Maschinenring Medical\",\"isPartOf\":{\"@id\":\"https:\\\/\\\/maschinenring-medical.de\\\/#website\"},\"datePublished\":\"2026-01-13T13:28:49+00:00\",\"dateModified\":\"2026-02-09T09:37:17+00:00\",\"breadcrumb\":{\"@id\":\"https:\\\/\\\/maschinenring-medical.de\\\/datenschutzerklaerung\\\/#breadcrumb\"},\"inLanguage\":\"en-US\",\"potentialAction\":[{\"@type\":\"ReadAction\",\"target\":[\"https:\\\/\\\/maschinenring-medical.de\\\/datenschutzerklaerung\\\/\"]}]},{\"@type\":\"BreadcrumbList\",\"@id\":\"https:\\\/\\\/maschinenring-medical.de\\\/datenschutzerklaerung\\\/#breadcrumb\",\"itemListElement\":[{\"@type\":\"ListItem\",\"position\":1,\"name\":\"Start\",\"item\":\"https:\\\/\\\/maschinenring-medical.de\\\/\"},{\"@type\":\"ListItem\",\"position\":2,\"name\":\"Datenschutzerkl\u00e4rung\"}]},{\"@type\":\"WebSite\",\"@id\":\"https:\\\/\\\/maschinenring-medical.de\\\/#website\",\"url\":\"https:\\\/\\\/maschinenring-medical.de\\\/\",\"name\":\"Maschinenring Medical\",\"description\":\"Fachkr&auml;ftevermittlung f&uuml;r den medizinischen Sektor\",\"publisher\":{\"@id\":\"https:\\\/\\\/maschinenring-medical.de\\\/#organization\"},\"potentialAction\":[{\"@type\":\"SearchAction\",\"target\":{\"@type\":\"EntryPoint\",\"urlTemplate\":\"https:\\\/\\\/maschinenring-medical.de\\\/?s={search_term_string}\"},\"query-input\":{\"@type\":\"PropertyValueSpecification\",\"valueRequired\":true,\"valueName\":\"search_term_string\"}}],\"inLanguage\":\"en-US\"},{\"@type\":\"Organization\",\"@id\":\"https:\\\/\\\/maschinenring-medical.de\\\/#organization\",\"name\":\"Maschinenring Medical\",\"url\":\"https:\\\/\\\/maschinenring-medical.de\\\/\",\"logo\":{\"@type\":\"ImageObject\",\"inLanguage\":\"en-US\",\"@id\":\"https:\\\/\\\/maschinenring-medical.de\\\/#\\\/schema\\\/logo\\\/image\\\/\",\"url\":\"https:\\\/\\\/maschinenring-medical.de\\\/wp-content\\\/uploads\\\/2025\\\/12\\\/Logo-Maschinenring-Medical-NEGATIV-Weiss-scaled.png\",\"contentUrl\":\"https:\\\/\\\/maschinenring-medical.de\\\/wp-content\\\/uploads\\\/2025\\\/12\\\/Logo-Maschinenring-Medical-NEGATIV-Weiss-scaled.png\",\"width\":2560,\"height\":876,\"caption\":\"Maschinenring Medical\"},\"image\":{\"@id\":\"https:\\\/\\\/maschinenring-medical.de\\\/#\\\/schema\\\/logo\\\/image\\\/\"}}]}<\/script>\n<!-- \/ Yoast SEO plugin. -->","yoast_head_json":{"title":"Privacy policy - Maschinenring Medical","robots":{"index":"index","follow":"follow","max-snippet":"max-snippet:-1","max-image-preview":"max-image-preview:large","max-video-preview":"max-video-preview:-1"},"canonical":"https:\/\/maschinenring-medical.de\/en\/data-protection-declaration\/","og_locale":"en_US","og_type":"article","og_title":"Datenschutzerkl\u00e4rung - Maschinenring Medical","og_description":"Datenschutzerkl\u00e4rung Datenschutz Datenschutzinformation \u2013 nach der EU-Datenschutz-Grundverordnung DS-GVO Die Maschinenring Personaldienste GmbH (MRPD) nehmen den Schutz Ihrer personenbezogenen Daten sehr ernst und verarbeiten diese im Einklang mit den jeweils g\u00fcltigen Datenschutzanforderungen. Personenbezogene Daten im Sinne dieser Information sind s\u00e4mtliche Informationen, die einen Bezug zu Ihrer Person aufweisen k\u00f6nnen. 1. Wer ist der Verantwortliche f\u00fcr die [&hellip;]","og_url":"https:\/\/maschinenring-medical.de\/en\/data-protection-declaration\/","og_site_name":"Maschinenring Medical","article_modified_time":"2026-02-09T09:37:17+00:00","twitter_card":"summary_large_image","twitter_misc":{"Est. reading time":"3 minutes"},"schema":{"@context":"https:\/\/schema.org","@graph":[{"@type":"WebPage","@id":"https:\/\/maschinenring-medical.de\/datenschutzerklaerung\/","url":"https:\/\/maschinenring-medical.de\/datenschutzerklaerung\/","name":"Privacy policy - Maschinenring Medical","isPartOf":{"@id":"https:\/\/maschinenring-medical.de\/#website"},"datePublished":"2026-01-13T13:28:49+00:00","dateModified":"2026-02-09T09:37:17+00:00","breadcrumb":{"@id":"https:\/\/maschinenring-medical.de\/datenschutzerklaerung\/#breadcrumb"},"inLanguage":"en-US","potentialAction":[{"@type":"ReadAction","target":["https:\/\/maschinenring-medical.de\/datenschutzerklaerung\/"]}]},{"@type":"BreadcrumbList","@id":"https:\/\/maschinenring-medical.de\/datenschutzerklaerung\/#breadcrumb","itemListElement":[{"@type":"ListItem","position":1,"name":"Start","item":"https:\/\/maschinenring-medical.de\/"},{"@type":"ListItem","position":2,"name":"Datenschutzerkl\u00e4rung"}]},{"@type":"WebSite","@id":"https:\/\/maschinenring-medical.de\/#website","url":"https:\/\/maschinenring-medical.de\/","name":"Maschinenring Medical","description":"Placement of specialists for the medical sector","publisher":{"@id":"https:\/\/maschinenring-medical.de\/#organization"},"potentialAction":[{"@type":"SearchAction","target":{"@type":"EntryPoint","urlTemplate":"https:\/\/maschinenring-medical.de\/?s={search_term_string}"},"query-input":{"@type":"PropertyValueSpecification","valueRequired":true,"valueName":"search_term_string"}}],"inLanguage":"en-US"},{"@type":"Organization","@id":"https:\/\/maschinenring-medical.de\/#organization","name":"Maschinenring Medical","url":"https:\/\/maschinenring-medical.de\/","logo":{"@type":"ImageObject","inLanguage":"en-US","@id":"https:\/\/maschinenring-medical.de\/#\/schema\/logo\/image\/","url":"https:\/\/maschinenring-medical.de\/wp-content\/uploads\/2025\/12\/Logo-Maschinenring-Medical-NEGATIV-Weiss-scaled.png","contentUrl":"https:\/\/maschinenring-medical.de\/wp-content\/uploads\/2025\/12\/Logo-Maschinenring-Medical-NEGATIV-Weiss-scaled.png","width":2560,"height":876,"caption":"Maschinenring Medical"},"image":{"@id":"https:\/\/maschinenring-medical.de\/#\/schema\/logo\/image\/"}}]}},"_links":{"self":[{"href":"https:\/\/maschinenring-medical.de\/en\/wp-json\/wp\/v2\/pages\/348","targetHints":{"allow":["GET"]}}],"collection":[{"href":"https:\/\/maschinenring-medical.de\/en\/wp-json\/wp\/v2\/pages"}],"about":[{"href":"https:\/\/maschinenring-medical.de\/en\/wp-json\/wp\/v2\/types\/page"}],"author":[{"embeddable":true,"href":"https:\/\/maschinenring-medical.de\/en\/wp-json\/wp\/v2\/users\/1"}],"replies":[{"embeddable":true,"href":"https:\/\/maschinenring-medical.de\/en\/wp-json\/wp\/v2\/comments?post=348"}],"version-history":[{"count":8,"href":"https:\/\/maschinenring-medical.de\/en\/wp-json\/wp\/v2\/pages\/348\/revisions"}],"predecessor-version":[{"id":1682,"href":"https:\/\/maschinenring-medical.de\/en\/wp-json\/wp\/v2\/pages\/348\/revisions\/1682"}],"wp:attachment":[{"href":"https:\/\/maschinenring-medical.de\/en\/wp-json\/wp\/v2\/media?parent=348"}],"curies":[{"name":"wp","href":"https:\/\/api.w.org\/{rel}","templated":true}]}}