{"id":374,"date":"2026-01-13T15:09:16","date_gmt":"2026-01-13T15:09:16","guid":{"rendered":"https:\/\/maschinenring-medical.de\/?page_id=374"},"modified":"2026-03-31T09:57:44","modified_gmt":"2026-03-31T09:57:44","slug":"for-companies","status":"publish","type":"page","link":"https:\/\/maschinenring-medical.de\/en\/fuer-unternehmen\/","title":{"rendered":"For companies"},"content":{"rendered":"<div data-elementor-type=\"wp-page\" data-elementor-id=\"374\" class=\"elementor elementor-374\" data-elementor-post-type=\"page\">\n\t\t\t\t<div class=\"elementor-element elementor-element-ac40410 header-hg e-flex e-con-boxed e-con e-parent\" data-id=\"ac40410\" data-element_type=\"container\" data-e-type=\"container\" data-settings=\"{&quot;background_background&quot;:&quot;classic&quot;}\">\n\t\t\t\t\t<div class=\"e-con-inner\">\n\t\t<div class=\"elementor-element elementor-element-0f13b2d e-con-full header-text-wrapper e-flex e-con e-child\" data-id=\"0f13b2d\" data-element_type=\"container\" data-e-type=\"container\">\n\t\t<div class=\"elementor-element elementor-element-2bf7ce8 e-con-full header-text e-flex e-con e-child\" data-id=\"2bf7ce8\" data-element_type=\"container\" data-e-type=\"container\">\n\t\t\t\t<div class=\"elementor-element elementor-element-adb28d0 elementor-widget elementor-widget-text-editor\" data-id=\"adb28d0\" data-element_type=\"widget\" data-e-type=\"widget\" data-widget_type=\"text-editor.default\">\n\t\t\t\t\t\t\t\t\t<h1>Our <strong>Services for your company<\/strong><\/h1><h2>We will find the right personnel for you!<\/h2><p>As a specialized service provider in the healthcare sector, we specifically help clinics, hospitals, rehabilitation facilities, and medical care centers in recruiting specialist doctors, physicians, paramedics, and nursing and administrative staff!<\/p>\t\t\t\t\t\t\t\t<\/div>\n\t\t\t\t<\/div>\n\t\t\t\t<\/div>\n\t\t\t\t\t<\/div>\n\t\t\t\t<\/div>\n\t\t<div class=\"elementor-element elementor-element-db22ffc e-flex e-con-boxed e-con e-parent\" data-id=\"db22ffc\" data-element_type=\"container\" data-e-type=\"container\" data-settings=\"{&quot;background_background&quot;:&quot;classic&quot;}\">\n\t\t\t\t\t<div class=\"e-con-inner\">\n\t\t\t\t<div class=\"elementor-element elementor-element-994c4d4 elementor-widget elementor-widget-text-editor\" data-id=\"994c4d4\" data-element_type=\"widget\" data-e-type=\"widget\" data-widget_type=\"text-editor.default\">\n\t\t\t\t\t\t\t\t\t<h2>This is how we support <strong>Your company<\/strong>:<\/h2><p>As long-time experts in recruitment for the medical, nursing, and administrative sectors, we are very happy to support your company in finding solutions for your challenges \u2013 quickly. reliably. professionally.<\/p>\t\t\t\t\t\t\t\t<\/div>\n\t\t<div class=\"elementor-element elementor-element-9419dac e-grid e-con-full e-con e-child\" data-id=\"9419dac\" data-element_type=\"container\" data-e-type=\"container\">\n\t\t<div class=\"elementor-element elementor-element-9273da7 e-con-full e-flex e-con e-child\" data-id=\"9273da7\" data-element_type=\"container\" data-e-type=\"container\">\n\t\t\t\t<div class=\"elementor-element elementor-element-d9e1131 elementor-widget elementor-widget-image\" data-id=\"d9e1131\" data-element_type=\"widget\" data-e-type=\"widget\" data-widget_type=\"image.default\">\n\t\t\t\t\t\t\t\t\t\t\t\t\t\t\t<img fetchpriority=\"high\" decoding=\"async\" width=\"320\" height=\"320\" src=\"https:\/\/maschinenring-medical.de\/wp-content\/uploads\/2026\/01\/direktansprache.jpg\" class=\"attachment-large size-large wp-image-290\" alt=\"\" srcset=\"https:\/\/maschinenring-medical.de\/wp-content\/uploads\/2026\/01\/direktansprache.jpg 320w, https:\/\/maschinenring-medical.de\/wp-content\/uploads\/2026\/01\/direktansprache-300x300.jpg 300w, https:\/\/maschinenring-medical.de\/wp-content\/uploads\/2026\/01\/direktansprache-150x150.jpg 150w, https:\/\/maschinenring-medical.de\/wp-content\/uploads\/2026\/01\/direktansprache-12x12.jpg 12w\" sizes=\"(max-width: 320px) 100vw, 320px\" \/>\t\t\t\t\t\t\t\t\t\t\t\t\t\t\t<\/div>\n\t\t\t\t<div class=\"elementor-element elementor-element-8e5c33f elementor-widget elementor-widget-text-editor\" data-id=\"8e5c33f\" data-element_type=\"widget\" data-e-type=\"widget\" data-widget_type=\"text-editor.default\">\n\t\t\t\t\t\t\t\t\t<h3>Direct approach<\/h3>\n<p>From suitable candidates such as doctors, medical specialists, nurses and administrative staff.<\/p>\t\t\t\t\t\t\t\t<\/div>\n\t\t\t\t<\/div>\n\t\t<div class=\"elementor-element elementor-element-51850ba e-con-full e-flex e-con e-child\" data-id=\"51850ba\" data-element_type=\"container\" data-e-type=\"container\">\n\t\t\t\t<div class=\"elementor-element elementor-element-845c3e2 elementor-widget elementor-widget-image\" data-id=\"845c3e2\" data-element_type=\"widget\" data-e-type=\"widget\" data-widget_type=\"image.default\">\n\t\t\t\t\t\t\t\t\t\t\t\t\t\t\t<img decoding=\"async\" width=\"320\" height=\"320\" src=\"https:\/\/maschinenring-medical.de\/wp-content\/uploads\/2026\/01\/vermittlung.jpg\" class=\"attachment-large size-large wp-image-291\" alt=\"\" srcset=\"https:\/\/maschinenring-medical.de\/wp-content\/uploads\/2026\/01\/vermittlung.jpg 320w, https:\/\/maschinenring-medical.de\/wp-content\/uploads\/2026\/01\/vermittlung-300x300.jpg 300w, https:\/\/maschinenring-medical.de\/wp-content\/uploads\/2026\/01\/vermittlung-150x150.jpg 150w, https:\/\/maschinenring-medical.de\/wp-content\/uploads\/2026\/01\/vermittlung-12x12.jpg 12w\" sizes=\"(max-width: 320px) 100vw, 320px\" \/>\t\t\t\t\t\t\t\t\t\t\t\t\t\t\t<\/div>\n\t\t\t\t<div class=\"elementor-element elementor-element-643d0a6 elementor-widget elementor-widget-text-editor\" data-id=\"643d0a6\" data-element_type=\"widget\" data-e-type=\"widget\" data-widget_type=\"text-editor.default\">\n\t\t\t\t\t\t\t\t\t<h3>Mediation<\/h3>\n<p>Support throughout the entire placement process - from initial contact with potential employees to successful integration.<\/p>\t\t\t\t\t\t\t\t<\/div>\n\t\t\t\t<\/div>\n\t\t<div class=\"elementor-element elementor-element-3b3e6c0 e-con-full e-flex e-con e-child\" data-id=\"3b3e6c0\" data-element_type=\"container\" data-e-type=\"container\">\n\t\t\t\t<div class=\"elementor-element elementor-element-85356ad elementor-widget elementor-widget-image\" data-id=\"85356ad\" data-element_type=\"widget\" data-e-type=\"widget\" data-widget_type=\"image.default\">\n\t\t\t\t\t\t\t\t\t\t\t\t\t\t\t<img decoding=\"async\" width=\"320\" height=\"320\" src=\"https:\/\/maschinenring-medical.de\/wp-content\/uploads\/2026\/01\/rekrutierung.jpg\" class=\"attachment-large size-large wp-image-292\" alt=\"\" srcset=\"https:\/\/maschinenring-medical.de\/wp-content\/uploads\/2026\/01\/rekrutierung.jpg 320w, https:\/\/maschinenring-medical.de\/wp-content\/uploads\/2026\/01\/rekrutierung-300x300.jpg 300w, https:\/\/maschinenring-medical.de\/wp-content\/uploads\/2026\/01\/rekrutierung-150x150.jpg 150w, https:\/\/maschinenring-medical.de\/wp-content\/uploads\/2026\/01\/rekrutierung-12x12.jpg 12w\" sizes=\"(max-width: 320px) 100vw, 320px\" \/>\t\t\t\t\t\t\t\t\t\t\t\t\t\t\t<\/div>\n\t\t\t\t<div class=\"elementor-element elementor-element-42d85cb elementor-widget elementor-widget-text-editor\" data-id=\"42d85cb\" data-element_type=\"widget\" data-e-type=\"widget\" data-widget_type=\"text-editor.default\">\n\t\t\t\t\t\t\t\t\t<h3>Recruitment<\/h3>\n<p>National and international recruitment, including support in recognition with language qualifications.<\/p>\t\t\t\t\t\t\t\t<\/div>\n\t\t\t\t<\/div>\n\t\t\t\t<\/div>\n\t\t\t\t\t<\/div>\n\t\t\t\t<\/div>\n\t\t<div class=\"elementor-element elementor-element-d31358e header-hg e-flex e-con-boxed e-con e-parent\" data-id=\"d31358e\" data-element_type=\"container\" data-e-type=\"container\" data-settings=\"{&quot;background_background&quot;:&quot;classic&quot;}\">\n\t\t\t\t\t<div class=\"e-con-inner\">\n\t\t<div class=\"elementor-element elementor-element-9eb1f76 e-con-full e-flex e-con e-child\" data-id=\"9eb1f76\" data-element_type=\"container\" data-e-type=\"container\">\n\t\t\t\t<div class=\"elementor-element elementor-element-5892755 elementor-widget elementor-widget-text-editor\" data-id=\"5892755\" data-element_type=\"widget\" data-e-type=\"widget\" data-widget_type=\"text-editor.default\">\n\t\t\t\t\t\t\t\t\t<h2>Find the right staff now!<\/h2><p>Our major goal is to meet the high demand for personnel in the healthcare sector in the long term and thus contribute to ensuring high-quality care for patients.<\/p><p>With professionalism, reliability and a focus on quality, we find solutions to the shortage of specialists in clinics, hospitals, medical centers and rehabilitation facilities!<\/p>\t\t\t\t\t\t\t\t<\/div>\n\t\t\t\t<div class=\"elementor-element elementor-element-dd7d5ca elementor-align-left elementor-widget elementor-widget-button\" data-id=\"dd7d5ca\" data-element_type=\"widget\" data-e-type=\"widget\" data-widget_type=\"button.default\">\n\t\t\t\t\t\t\t\t\t\t<a class=\"elementor-button elementor-button-link elementor-size-sm\" href=\"\/en\/contact\/\">\n\t\t\t\t\t\t<span class=\"elementor-button-content-wrapper\">\n\t\t\t\t\t\t\t\t\t<span class=\"elementor-button-text\">Contact us now<\/span>\n\t\t\t\t\t<\/span>\n\t\t\t\t\t<\/a>\n\t\t\t\t\t\t\t\t<\/div>\n\t\t\t\t<\/div>\n\t\t\t\t\t<\/div>\n\t\t\t\t<\/div>\n\t\t\t\t<\/div>","protected":false},"excerpt":{"rendered":"<p>Unsere Leistungen f\u00fcr Ihr Unternehmen Wir finden das passende Personal f\u00fcr Sie! Als spezialisierter Dienstleister im Gesundheitswesen helfen wir Kliniken, Krankenh\u00e4usern, Rehaeinrichtungen und MVZ gezielt bei der Gewinnung von Fach\u00e4rzten \/ Fach\u00e4rztinnen, Medizinern \/ Medizinerinnen, Sanit\u00e4tern \/ Sanit\u00e4terinnen und Pflege- sowie Verwaltungspersonal! So unterst\u00fctzen wir Ihr Unternehmen: Als langj\u00e4hrige Experten in der Fachkr\u00e4ftevermittlung f\u00fcr die [&hellip;]<\/p>\n","protected":false},"author":1,"featured_media":0,"parent":0,"menu_order":0,"comment_status":"closed","ping_status":"closed","template":"elementor_header_footer","meta":{"_acf_changed":false,"footnotes":""},"class_list":["post-374","page","type-page","status-publish","hentry"],"acf":[],"yoast_head":"<!-- This site is optimized with the Yoast SEO plugin v27.5 - https:\/\/yoast.com\/product\/yoast-seo-wordpress\/ -->\n<title>F\u00fcr Unternehmen - Maschinenring Medical<\/title>\n<meta name=\"description\" content=\"Wir finden das passende Personal f\u00fcr Sie! Als spezialisierter Dienstleister im Gesundheitswesen helfen wir Kliniken, Krankenh\u00e4usern, Rehaeinrichtungen und MVZ\u00b4s gezielt bei der Gewinnung von Fach\u00e4rzten \/ Fach\u00e4rztinnen, Medizinern \/ Medizinerinnen, Sanit\u00e4tern \/ Sanit\u00e4terinnen und Pflege- sowie Verwaltungspersonal!\" \/>\n<meta name=\"robots\" content=\"index, follow, max-snippet:-1, max-image-preview:large, max-video-preview:-1\" \/>\n<link rel=\"canonical\" href=\"https:\/\/maschinenring-medical.de\/en\/for-companies\/\" \/>\n<meta property=\"og:locale\" content=\"en_US\" \/>\n<meta property=\"og:type\" content=\"article\" \/>\n<meta property=\"og:title\" content=\"F\u00fcr Unternehmen - Maschinenring Medical\" \/>\n<meta property=\"og:description\" content=\"Wir finden das passende Personal f\u00fcr Sie! Als spezialisierter Dienstleister im Gesundheitswesen helfen wir Kliniken, Krankenh\u00e4usern, Rehaeinrichtungen und MVZ\u00b4s gezielt bei der Gewinnung von Fach\u00e4rzten \/ Fach\u00e4rztinnen, Medizinern \/ Medizinerinnen, Sanit\u00e4tern \/ Sanit\u00e4terinnen und Pflege- sowie Verwaltungspersonal!\" \/>\n<meta property=\"og:url\" content=\"https:\/\/maschinenring-medical.de\/en\/for-companies\/\" \/>\n<meta property=\"og:site_name\" content=\"Maschinenring Medical\" \/>\n<meta property=\"article:modified_time\" content=\"2026-03-31T09:57:44+00:00\" \/>\n<meta property=\"og:image\" content=\"https:\/\/maschinenring-medical.de\/wp-content\/uploads\/2026\/01\/direktansprache.jpg\" \/>\n\t<meta property=\"og:image:width\" content=\"320\" \/>\n\t<meta property=\"og:image:height\" content=\"320\" \/>\n\t<meta property=\"og:image:type\" content=\"image\/jpeg\" \/>\n<meta name=\"twitter:card\" content=\"summary_large_image\" \/>\n<meta name=\"twitter:label1\" content=\"Est. reading time\" \/>\n\t<meta name=\"twitter:data1\" content=\"2 minutes\" \/>\n<script type=\"application\/ld+json\" class=\"yoast-schema-graph\">{\"@context\":\"https:\\\/\\\/schema.org\",\"@graph\":[{\"@type\":\"WebPage\",\"@id\":\"https:\\\/\\\/maschinenring-medical.de\\\/fuer-unternehmen\\\/\",\"url\":\"https:\\\/\\\/maschinenring-medical.de\\\/fuer-unternehmen\\\/\",\"name\":\"F\u00fcr Unternehmen - Maschinenring Medical\",\"isPartOf\":{\"@id\":\"https:\\\/\\\/maschinenring-medical.de\\\/#website\"},\"primaryImageOfPage\":{\"@id\":\"https:\\\/\\\/maschinenring-medical.de\\\/fuer-unternehmen\\\/#primaryimage\"},\"image\":{\"@id\":\"https:\\\/\\\/maschinenring-medical.de\\\/fuer-unternehmen\\\/#primaryimage\"},\"thumbnailUrl\":\"https:\\\/\\\/maschinenring-medical.de\\\/wp-content\\\/uploads\\\/2026\\\/01\\\/direktansprache.jpg\",\"datePublished\":\"2026-01-13T15:09:16+00:00\",\"dateModified\":\"2026-03-31T09:57:44+00:00\",\"description\":\"Wir finden das passende Personal f\u00fcr Sie! Als spezialisierter Dienstleister im Gesundheitswesen helfen wir Kliniken, Krankenh\u00e4usern, Rehaeinrichtungen und MVZ\u00b4s gezielt bei der Gewinnung von Fach\u00e4rzten \\\/ Fach\u00e4rztinnen, Medizinern \\\/ Medizinerinnen, Sanit\u00e4tern \\\/ Sanit\u00e4terinnen und Pflege- sowie Verwaltungspersonal!\",\"breadcrumb\":{\"@id\":\"https:\\\/\\\/maschinenring-medical.de\\\/fuer-unternehmen\\\/#breadcrumb\"},\"inLanguage\":\"en-US\",\"potentialAction\":[{\"@type\":\"ReadAction\",\"target\":[\"https:\\\/\\\/maschinenring-medical.de\\\/fuer-unternehmen\\\/\"]}]},{\"@type\":\"ImageObject\",\"inLanguage\":\"en-US\",\"@id\":\"https:\\\/\\\/maschinenring-medical.de\\\/fuer-unternehmen\\\/#primaryimage\",\"url\":\"https:\\\/\\\/maschinenring-medical.de\\\/wp-content\\\/uploads\\\/2026\\\/01\\\/direktansprache.jpg\",\"contentUrl\":\"https:\\\/\\\/maschinenring-medical.de\\\/wp-content\\\/uploads\\\/2026\\\/01\\\/direktansprache.jpg\"},{\"@type\":\"BreadcrumbList\",\"@id\":\"https:\\\/\\\/maschinenring-medical.de\\\/fuer-unternehmen\\\/#breadcrumb\",\"itemListElement\":[{\"@type\":\"ListItem\",\"position\":1,\"name\":\"Start\",\"item\":\"https:\\\/\\\/maschinenring-medical.de\\\/\"},{\"@type\":\"ListItem\",\"position\":2,\"name\":\"F\u00fcr Unternehmen\"}]},{\"@type\":\"WebSite\",\"@id\":\"https:\\\/\\\/maschinenring-medical.de\\\/#website\",\"url\":\"https:\\\/\\\/maschinenring-medical.de\\\/\",\"name\":\"Maschinenring Medical\",\"description\":\"Fachkr&auml;ftevermittlung f&uuml;r den medizinischen Sektor\",\"publisher\":{\"@id\":\"https:\\\/\\\/maschinenring-medical.de\\\/#organization\"},\"potentialAction\":[{\"@type\":\"SearchAction\",\"target\":{\"@type\":\"EntryPoint\",\"urlTemplate\":\"https:\\\/\\\/maschinenring-medical.de\\\/?s={search_term_string}\"},\"query-input\":{\"@type\":\"PropertyValueSpecification\",\"valueRequired\":true,\"valueName\":\"search_term_string\"}}],\"inLanguage\":\"en-US\"},{\"@type\":\"Organization\",\"@id\":\"https:\\\/\\\/maschinenring-medical.de\\\/#organization\",\"name\":\"Maschinenring Medical\",\"url\":\"https:\\\/\\\/maschinenring-medical.de\\\/\",\"logo\":{\"@type\":\"ImageObject\",\"inLanguage\":\"en-US\",\"@id\":\"https:\\\/\\\/maschinenring-medical.de\\\/#\\\/schema\\\/logo\\\/image\\\/\",\"url\":\"https:\\\/\\\/maschinenring-medical.de\\\/wp-content\\\/uploads\\\/2025\\\/12\\\/Logo-Maschinenring-Medical-NEGATIV-Weiss-scaled.png\",\"contentUrl\":\"https:\\\/\\\/maschinenring-medical.de\\\/wp-content\\\/uploads\\\/2025\\\/12\\\/Logo-Maschinenring-Medical-NEGATIV-Weiss-scaled.png\",\"width\":2560,\"height\":876,\"caption\":\"Maschinenring Medical\"},\"image\":{\"@id\":\"https:\\\/\\\/maschinenring-medical.de\\\/#\\\/schema\\\/logo\\\/image\\\/\"}}]}<\/script>\n<!-- \/ Yoast SEO plugin. -->","yoast_head_json":{"title":"For companies - Maschinenring Medical","description":"We find the right personnel for you! As a specialized service provider in the healthcare sector, we help clinics, hospitals, rehabilitation facilities and MVZs to recruit specialists, doctors, paramedics, nursing and administrative staff!","robots":{"index":"index","follow":"follow","max-snippet":"max-snippet:-1","max-image-preview":"max-image-preview:large","max-video-preview":"max-video-preview:-1"},"canonical":"https:\/\/maschinenring-medical.de\/en\/for-companies\/","og_locale":"en_US","og_type":"article","og_title":"F\u00fcr Unternehmen - Maschinenring Medical","og_description":"Wir finden das passende Personal f\u00fcr Sie! Als spezialisierter Dienstleister im Gesundheitswesen helfen wir Kliniken, Krankenh\u00e4usern, Rehaeinrichtungen und MVZ\u00b4s gezielt bei der Gewinnung von Fach\u00e4rzten \/ Fach\u00e4rztinnen, Medizinern \/ Medizinerinnen, Sanit\u00e4tern \/ Sanit\u00e4terinnen und Pflege- sowie Verwaltungspersonal!","og_url":"https:\/\/maschinenring-medical.de\/en\/for-companies\/","og_site_name":"Maschinenring Medical","article_modified_time":"2026-03-31T09:57:44+00:00","og_image":[{"width":320,"height":320,"url":"https:\/\/maschinenring-medical.de\/wp-content\/uploads\/2026\/01\/direktansprache.jpg","type":"image\/jpeg"}],"twitter_card":"summary_large_image","twitter_misc":{"Est. reading time":"2 minutes"},"schema":{"@context":"https:\/\/schema.org","@graph":[{"@type":"WebPage","@id":"https:\/\/maschinenring-medical.de\/fuer-unternehmen\/","url":"https:\/\/maschinenring-medical.de\/fuer-unternehmen\/","name":"For companies - Maschinenring Medical","isPartOf":{"@id":"https:\/\/maschinenring-medical.de\/#website"},"primaryImageOfPage":{"@id":"https:\/\/maschinenring-medical.de\/fuer-unternehmen\/#primaryimage"},"image":{"@id":"https:\/\/maschinenring-medical.de\/fuer-unternehmen\/#primaryimage"},"thumbnailUrl":"https:\/\/maschinenring-medical.de\/wp-content\/uploads\/2026\/01\/direktansprache.jpg","datePublished":"2026-01-13T15:09:16+00:00","dateModified":"2026-03-31T09:57:44+00:00","description":"We find the right personnel for you! As a specialized service provider in the healthcare sector, we help clinics, hospitals, rehabilitation facilities and MVZs to recruit specialists, doctors, paramedics, nursing and administrative staff!","breadcrumb":{"@id":"https:\/\/maschinenring-medical.de\/fuer-unternehmen\/#breadcrumb"},"inLanguage":"en-US","potentialAction":[{"@type":"ReadAction","target":["https:\/\/maschinenring-medical.de\/fuer-unternehmen\/"]}]},{"@type":"ImageObject","inLanguage":"en-US","@id":"https:\/\/maschinenring-medical.de\/fuer-unternehmen\/#primaryimage","url":"https:\/\/maschinenring-medical.de\/wp-content\/uploads\/2026\/01\/direktansprache.jpg","contentUrl":"https:\/\/maschinenring-medical.de\/wp-content\/uploads\/2026\/01\/direktansprache.jpg"},{"@type":"BreadcrumbList","@id":"https:\/\/maschinenring-medical.de\/fuer-unternehmen\/#breadcrumb","itemListElement":[{"@type":"ListItem","position":1,"name":"Start","item":"https:\/\/maschinenring-medical.de\/"},{"@type":"ListItem","position":2,"name":"F\u00fcr Unternehmen"}]},{"@type":"WebSite","@id":"https:\/\/maschinenring-medical.de\/#website","url":"https:\/\/maschinenring-medical.de\/","name":"Maschinenring Medical","description":"Placement of specialists for the medical sector","publisher":{"@id":"https:\/\/maschinenring-medical.de\/#organization"},"potentialAction":[{"@type":"SearchAction","target":{"@type":"EntryPoint","urlTemplate":"https:\/\/maschinenring-medical.de\/?s={search_term_string}"},"query-input":{"@type":"PropertyValueSpecification","valueRequired":true,"valueName":"search_term_string"}}],"inLanguage":"en-US"},{"@type":"Organization","@id":"https:\/\/maschinenring-medical.de\/#organization","name":"Maschinenring Medical","url":"https:\/\/maschinenring-medical.de\/","logo":{"@type":"ImageObject","inLanguage":"en-US","@id":"https:\/\/maschinenring-medical.de\/#\/schema\/logo\/image\/","url":"https:\/\/maschinenring-medical.de\/wp-content\/uploads\/2025\/12\/Logo-Maschinenring-Medical-NEGATIV-Weiss-scaled.png","contentUrl":"https:\/\/maschinenring-medical.de\/wp-content\/uploads\/2025\/12\/Logo-Maschinenring-Medical-NEGATIV-Weiss-scaled.png","width":2560,"height":876,"caption":"Maschinenring Medical"},"image":{"@id":"https:\/\/maschinenring-medical.de\/#\/schema\/logo\/image\/"}}]}},"_links":{"self":[{"href":"https:\/\/maschinenring-medical.de\/en\/wp-json\/wp\/v2\/pages\/374","targetHints":{"allow":["GET"]}}],"collection":[{"href":"https:\/\/maschinenring-medical.de\/en\/wp-json\/wp\/v2\/pages"}],"about":[{"href":"https:\/\/maschinenring-medical.de\/en\/wp-json\/wp\/v2\/types\/page"}],"author":[{"embeddable":true,"href":"https:\/\/maschinenring-medical.de\/en\/wp-json\/wp\/v2\/users\/1"}],"replies":[{"embeddable":true,"href":"https:\/\/maschinenring-medical.de\/en\/wp-json\/wp\/v2\/comments?post=374"}],"version-history":[{"count":28,"href":"https:\/\/maschinenring-medical.de\/en\/wp-json\/wp\/v2\/pages\/374\/revisions"}],"predecessor-version":[{"id":1964,"href":"https:\/\/maschinenring-medical.de\/en\/wp-json\/wp\/v2\/pages\/374\/revisions\/1964"}],"wp:attachment":[{"href":"https:\/\/maschinenring-medical.de\/en\/wp-json\/wp\/v2\/media?parent=374"}],"curies":[{"name":"wp","href":"https:\/\/api.w.org\/{rel}","templated":true}]}}