{"id":792,"date":"2026-01-20T13:23:26","date_gmt":"2026-01-20T13:23:26","guid":{"rendered":"https:\/\/maschinenring-medical.de\/?page_id=792"},"modified":"2026-01-22T12:55:15","modified_gmt":"2026-01-22T12:55:15","slug":"about-us","status":"publish","type":"page","link":"https:\/\/maschinenring-medical.de\/en\/ueber-uns\/","title":{"rendered":"About us"},"content":{"rendered":"<div data-elementor-type=\"wp-page\" data-elementor-id=\"792\" class=\"elementor elementor-792\" data-elementor-post-type=\"page\">\n\t\t\t\t<div class=\"elementor-element elementor-element-cd38b95 header-hg e-flex e-con-boxed e-con e-parent\" data-id=\"cd38b95\" data-element_type=\"container\" data-e-type=\"container\" data-settings=\"{&quot;background_background&quot;:&quot;classic&quot;}\">\n\t\t\t\t\t<div class=\"e-con-inner\">\n\t\t<div class=\"elementor-element elementor-element-a774cb3 e-con-full header-text-wrapper e-flex e-con e-child\" data-id=\"a774cb3\" data-element_type=\"container\" data-e-type=\"container\">\n\t\t<div class=\"elementor-element elementor-element-0aa30d6 e-con-full header-text e-flex e-con e-child\" data-id=\"0aa30d6\" data-element_type=\"container\" data-e-type=\"container\">\n\t\t\t\t<div class=\"elementor-element elementor-element-ecfc83b elementor-widget elementor-widget-text-editor\" data-id=\"ecfc83b\" data-element_type=\"widget\" data-e-type=\"widget\" data-widget_type=\"text-editor.default\">\n\t\t\t\t\t\t\t\t\t<h1><strong>Connecting people, supporting people and helping people<\/strong><\/h1><p>\u00a0<br \/><br \/><\/p>\t\t\t\t\t\t\t\t<\/div>\n\t\t\t\t<\/div>\n\t\t\t\t<\/div>\n\t\t\t\t\t<\/div>\n\t\t\t\t<\/div>\n\t\t<div class=\"elementor-element elementor-element-fdc4757 e-con-full e-flex e-con e-child\" data-id=\"fdc4757\" data-element_type=\"container\" data-e-type=\"container\" data-settings=\"{&quot;background_background&quot;:&quot;classic&quot;}\">\n\t\t\t\t<div class=\"elementor-element elementor-element-67ff534 content-wrapper elementor-widget__width-initial elementor-widget elementor-widget-text-editor\" data-id=\"67ff534\" data-element_type=\"widget\" data-e-type=\"widget\" data-widget_type=\"text-editor.default\">\n\t\t\t\t\t\t\t\t\t<p>The origin of the machine ring was to create common ground, <br \/>to help, organize, support and act stronger as a community. <br \/>On the one hand, to use machines together, but also to exchange experiences, to be there for each other and, above all, to help each other in emergency situations. <br \/>This is the strength of the Maschinenring, this is what we are known for and this is what we do every day!<\/p><p>The roots of the Maschinenring lie in social thinking, social action and community support.<br \/>Being there for each other is more important today than ever!<\/p><p>There are around 180 machinery rings across Germany, which support more than 190,000 agricultural member farms every day.<br \/>This origin is still valid today and has been continuously expanded to meet new needs.<\/p>\t\t\t\t\t\t\t\t<\/div>\n\t\t<div class=\"elementor-element elementor-element-c34c00f e-grid e-con-full content-wrapper e-con e-child\" data-id=\"c34c00f\" data-element_type=\"container\" data-e-type=\"container\">\n\t\t<div class=\"elementor-element elementor-element-e3d4b21 e-con-full e-flex e-con e-child\" data-id=\"e3d4b21\" data-element_type=\"container\" data-e-type=\"container\">\n\t\t\t\t<div class=\"elementor-element elementor-element-a66024e elementor-widget elementor-widget-image\" data-id=\"a66024e\" data-element_type=\"widget\" data-e-type=\"widget\" data-widget_type=\"image.default\">\n\t\t\t\t\t\t\t\t\t\t\t\t\t\t\t<img decoding=\"async\" src=\"https:\/\/maschinenring-medical.de\/wp-content\/uploads\/elementor\/thumbs\/haushaltshilfe-rhxult9go40hsg4n6gnvnhz6ayxpqasr66ugwl8ld4.webp\" title=\"domestic help\" alt=\"domestic help\" loading=\"lazy\" \/>\t\t\t\t\t\t\t\t\t\t\t\t\t\t\t<\/div>\n\t\t\t\t<div class=\"elementor-element elementor-element-b2dd0ce elementor-widget elementor-widget-text-editor\" data-id=\"b2dd0ce\" data-element_type=\"widget\" data-e-type=\"widget\" data-widget_type=\"text-editor.default\">\n\t\t\t\t\t\t\t\t\t<h3>Company and household help <\/h3>\nSupport during a period of illness on the farm as farm and \/ or household help.\t\t\t\t\t\t\t\t<\/div>\n\t\t\t\t<\/div>\n\t\t<div class=\"elementor-element elementor-element-ba7af21 e-con-full e-flex e-con e-child\" data-id=\"ba7af21\" data-element_type=\"container\" data-e-type=\"container\">\n\t\t\t\t<div class=\"elementor-element elementor-element-8bc9856 elementor-widget elementor-widget-image\" data-id=\"8bc9856\" data-element_type=\"widget\" data-e-type=\"widget\" data-widget_type=\"image.default\">\n\t\t\t\t\t\t\t\t\t\t\t\t\t\t\t<img decoding=\"async\" src=\"https:\/\/maschinenring-medical.de\/wp-content\/uploads\/elementor\/thumbs\/familienservice-rhxulsbmh9z7gu60by99307ppl2cilp0u26zfb9zjc.webp\" title=\"family service\" alt=\"family service\" loading=\"lazy\" \/>\t\t\t\t\t\t\t\t\t\t\t\t\t\t\t<\/div>\n\t\t\t\t<div class=\"elementor-element elementor-element-9c86738 elementor-widget elementor-widget-text-editor\" data-id=\"9c86738\" data-element_type=\"widget\" data-e-type=\"widget\" data-widget_type=\"text-editor.default\">\n\t\t\t\t\t\t\t\t\t<h3>Family service<\/h3><p>The Family Service provides support for people with statutory health insurance in the event of illness in the household.<br \/>From care level 1, the family service provides support in the area of household-related services and as an everyday companion.<\/p>\t\t\t\t\t\t\t\t<\/div>\n\t\t\t\t<\/div>\n\t\t<div class=\"elementor-element elementor-element-d4036fd e-con-full e-flex e-con e-child\" data-id=\"d4036fd\" data-element_type=\"container\" data-e-type=\"container\">\n\t\t\t\t<div class=\"elementor-element elementor-element-8051ee4 elementor-widget elementor-widget-image\" data-id=\"8051ee4\" data-element_type=\"widget\" data-e-type=\"widget\" data-widget_type=\"image.default\">\n\t\t\t\t\t\t\t\t\t\t\t\t\t\t\t<img decoding=\"async\" src=\"https:\/\/maschinenring-medical.de\/wp-content\/uploads\/elementor\/thumbs\/familienservice-plus-rhxulrdsafxx587dhfumiig9476zawlahxjhy1bdpk.webp\" title=\"family service plus\" alt=\"family service plus\" loading=\"lazy\" \/>\t\t\t\t\t\t\t\t\t\t\t\t\t\t\t<\/div>\n\t\t\t\t<div class=\"elementor-element elementor-element-be75c34 elementor-widget elementor-widget-text-editor\" data-id=\"be75c34\" data-element_type=\"widget\" data-e-type=\"widget\" data-widget_type=\"text-editor.default\">\n\t\t\t\t\t\t\t\t\t<h3>Family Service Plus<\/h3>\nFamily Service Plus is suitable for self-payers who need help with household chores, childcare or errands.\t\t\t\t\t\t\t\t<\/div>\n\t\t\t\t<\/div>\n\t\t\t\t<\/div>\n\t\t<div class=\"elementor-element elementor-element-2152473 e-grid e-con-full content-wrapper e-con e-child\" data-id=\"2152473\" data-element_type=\"container\" data-e-type=\"container\">\n\t\t<div class=\"elementor-element elementor-element-b5e61cb e-con-full e-flex e-con e-child\" data-id=\"b5e61cb\" data-element_type=\"container\" data-e-type=\"container\">\n\t\t\t\t<\/div>\n\t\t<div class=\"elementor-element elementor-element-72068bc e-con-full e-flex e-con e-child\" data-id=\"72068bc\" data-element_type=\"container\" data-e-type=\"container\">\n\t\t\t\t<div class=\"elementor-element elementor-element-534bc1f elementor-widget elementor-widget-image\" data-id=\"534bc1f\" data-element_type=\"widget\" data-e-type=\"widget\" data-widget_type=\"image.default\">\n\t\t\t\t\t\t\t\t\t\t\t\t\t\t\t<img decoding=\"async\" src=\"https:\/\/maschinenring-medical.de\/wp-content\/uploads\/elementor\/thumbs\/personaldienste-rhxulqfy3lwmtm8qmxfzy0ositbm37hk5sw0grcrvs.webp\" title=\"personnel services\" alt=\"personnel services\" loading=\"lazy\" \/>\t\t\t\t\t\t\t\t\t\t\t\t\t\t\t<\/div>\n\t\t\t\t<div class=\"elementor-element elementor-element-c553a94 elementor-widget elementor-widget-text-editor\" data-id=\"c553a94\" data-element_type=\"widget\" data-e-type=\"widget\" data-widget_type=\"text-editor.default\">\n\t\t\t\t\t\t\t\t\t<h3>Maschinenring Personnel Services<\/h3>\nSupport and placement of qualified skilled and unskilled workers in companies and municipalities.\n\t\t\t\t\t\t\t\t<\/div>\n\t\t\t\t<\/div>\n\t\t<div class=\"elementor-element elementor-element-67f255e e-con-full e-flex e-con e-child\" data-id=\"67f255e\" data-element_type=\"container\" data-e-type=\"container\">\n\t\t\t\t<div class=\"elementor-element elementor-element-feccf3c elementor-widget elementor-widget-image\" data-id=\"feccf3c\" data-element_type=\"widget\" data-e-type=\"widget\" data-widget_type=\"image.default\">\n\t\t\t\t\t\t\t\t\t\t\t\t\t\t\t<img decoding=\"async\" src=\"https:\/\/maschinenring-medical.de\/wp-content\/uploads\/elementor\/thumbs\/medizinische-assistenz-funktionsdienst-rhle8wgudobn65pargr12lo82ffk54i1c3jfahj0o8.jpg\" title=\"medical assistance service\" alt=\"medical assistance service\" loading=\"lazy\" \/>\t\t\t\t\t\t\t\t\t\t\t\t\t\t\t<\/div>\n\t\t\t\t<div class=\"elementor-element elementor-element-a3ce690 elementor-widget elementor-widget-text-editor\" data-id=\"a3ce690\" data-element_type=\"widget\" data-e-type=\"widget\" data-widget_type=\"text-editor.default\">\n\t\t\t\t\t\t\t\t\t<h3>Maschinenring Medical<\/h3><p>Support and placement of qualified employees in the fields of medicine, nursing and administration.<\/p>\t\t\t\t\t\t\t\t<\/div>\n\t\t\t\t<\/div>\n\t\t\t\t<\/div>\n\t\t<div class=\"elementor-element elementor-element-2a113c7 e-con-full e-flex e-con e-child\" data-id=\"2a113c7\" data-element_type=\"container\" data-e-type=\"container\">\n\t\t\t\t<div class=\"elementor-element elementor-element-7fc554d elementor-widget elementor-widget-text-editor\" data-id=\"7fc554d\" data-element_type=\"widget\" data-e-type=\"widget\" data-widget_type=\"text-editor.default\">\n\t\t\t\t\t\t\t\t\t<p>This is where cooperation begins!<\/p>\t\t\t\t\t\t\t\t<\/div>\n\t\t\t\t<\/div>\n\t\t\t\t<\/div>\n\t\t\t\t<\/div>","protected":false},"excerpt":{"rendered":"<p>Menschen verbinden, Menschen unterst\u00fctzen und Menschen helfen \u00a0 Der Ursprung des Maschinenrings bestand darin, Gemeinsamkeit zu schaffen, zu helfen, zu organisieren, zu unterst\u00fctzen und als Gemeinschaft gest\u00e4rkt zu handeln. Zum einen, um Maschinen gemeinsam zu nutzen, aber auch um Erfahrungen auszutauschen, f\u00fcreinander da zu sein und vor allem, in Notsituationen gemeinsam zu helfen. Das ist [&hellip;]<\/p>\n","protected":false},"author":1,"featured_media":0,"parent":0,"menu_order":0,"comment_status":"closed","ping_status":"closed","template":"elementor_header_footer","meta":{"_acf_changed":false,"footnotes":""},"class_list":["post-792","page","type-page","status-publish","hentry"],"acf":[],"yoast_head":"<!-- This site is optimized with the Yoast SEO plugin v27.5 - https:\/\/yoast.com\/product\/yoast-seo-wordpress\/ -->\n<title>\u00dcber uns - Maschinenring Medical<\/title>\n<meta name=\"robots\" content=\"index, follow, max-snippet:-1, max-image-preview:large, max-video-preview:-1\" \/>\n<link rel=\"canonical\" href=\"https:\/\/maschinenring-medical.de\/en\/about-us\/\" \/>\n<meta property=\"og:locale\" content=\"en_US\" \/>\n<meta property=\"og:type\" content=\"article\" \/>\n<meta property=\"og:title\" content=\"\u00dcber uns - Maschinenring Medical\" \/>\n<meta property=\"og:description\" content=\"Menschen verbinden, Menschen unterst\u00fctzen und Menschen helfen \u00a0 Der Ursprung des Maschinenrings bestand darin, Gemeinsamkeit zu schaffen, zu helfen, zu organisieren, zu unterst\u00fctzen und als Gemeinschaft gest\u00e4rkt zu handeln. Zum einen, um Maschinen gemeinsam zu nutzen, aber auch um Erfahrungen auszutauschen, f\u00fcreinander da zu sein und vor allem, in Notsituationen gemeinsam zu helfen. Das ist [&hellip;]\" \/>\n<meta property=\"og:url\" content=\"https:\/\/maschinenring-medical.de\/en\/about-us\/\" \/>\n<meta property=\"og:site_name\" content=\"Maschinenring Medical\" \/>\n<meta property=\"article:modified_time\" content=\"2026-01-22T12:55:15+00:00\" \/>\n<meta property=\"og:image\" content=\"https:\/\/maschinenring-medical.de\/wp-content\/uploads\/elementor\/thumbs\/haushaltshilfe-rhxult9go40hsg4n6gnvnhz6ayxpqasr66ugwl8ld4.webp\" \/>\n<meta name=\"twitter:card\" content=\"summary_large_image\" \/>\n<meta name=\"twitter:label1\" content=\"Est. reading time\" \/>\n\t<meta name=\"twitter:data1\" content=\"1 minute\" \/>\n<script type=\"application\/ld+json\" class=\"yoast-schema-graph\">{\"@context\":\"https:\\\/\\\/schema.org\",\"@graph\":[{\"@type\":\"WebPage\",\"@id\":\"https:\\\/\\\/maschinenring-medical.de\\\/ueber-uns\\\/\",\"url\":\"https:\\\/\\\/maschinenring-medical.de\\\/ueber-uns\\\/\",\"name\":\"\u00dcber uns - Maschinenring Medical\",\"isPartOf\":{\"@id\":\"https:\\\/\\\/maschinenring-medical.de\\\/#website\"},\"primaryImageOfPage\":{\"@id\":\"https:\\\/\\\/maschinenring-medical.de\\\/ueber-uns\\\/#primaryimage\"},\"image\":{\"@id\":\"https:\\\/\\\/maschinenring-medical.de\\\/ueber-uns\\\/#primaryimage\"},\"thumbnailUrl\":\"https:\\\/\\\/maschinenring-medical.de\\\/wp-content\\\/uploads\\\/elementor\\\/thumbs\\\/haushaltshilfe-rhxult9go40hsg4n6gnvnhz6ayxpqasr66ugwl8ld4.webp\",\"datePublished\":\"2026-01-20T13:23:26+00:00\",\"dateModified\":\"2026-01-22T12:55:15+00:00\",\"breadcrumb\":{\"@id\":\"https:\\\/\\\/maschinenring-medical.de\\\/ueber-uns\\\/#breadcrumb\"},\"inLanguage\":\"en-US\",\"potentialAction\":[{\"@type\":\"ReadAction\",\"target\":[\"https:\\\/\\\/maschinenring-medical.de\\\/ueber-uns\\\/\"]}]},{\"@type\":\"ImageObject\",\"inLanguage\":\"en-US\",\"@id\":\"https:\\\/\\\/maschinenring-medical.de\\\/ueber-uns\\\/#primaryimage\",\"url\":\"https:\\\/\\\/maschinenring-medical.de\\\/wp-content\\\/uploads\\\/elementor\\\/thumbs\\\/haushaltshilfe-rhxult9go40hsg4n6gnvnhz6ayxpqasr66ugwl8ld4.webp\",\"contentUrl\":\"https:\\\/\\\/maschinenring-medical.de\\\/wp-content\\\/uploads\\\/elementor\\\/thumbs\\\/haushaltshilfe-rhxult9go40hsg4n6gnvnhz6ayxpqasr66ugwl8ld4.webp\"},{\"@type\":\"BreadcrumbList\",\"@id\":\"https:\\\/\\\/maschinenring-medical.de\\\/ueber-uns\\\/#breadcrumb\",\"itemListElement\":[{\"@type\":\"ListItem\",\"position\":1,\"name\":\"Start\",\"item\":\"https:\\\/\\\/maschinenring-medical.de\\\/\"},{\"@type\":\"ListItem\",\"position\":2,\"name\":\"\u00dcber uns\"}]},{\"@type\":\"WebSite\",\"@id\":\"https:\\\/\\\/maschinenring-medical.de\\\/#website\",\"url\":\"https:\\\/\\\/maschinenring-medical.de\\\/\",\"name\":\"Maschinenring Medical\",\"description\":\"Fachkr&auml;ftevermittlung f&uuml;r den medizinischen Sektor\",\"publisher\":{\"@id\":\"https:\\\/\\\/maschinenring-medical.de\\\/#organization\"},\"potentialAction\":[{\"@type\":\"SearchAction\",\"target\":{\"@type\":\"EntryPoint\",\"urlTemplate\":\"https:\\\/\\\/maschinenring-medical.de\\\/?s={search_term_string}\"},\"query-input\":{\"@type\":\"PropertyValueSpecification\",\"valueRequired\":true,\"valueName\":\"search_term_string\"}}],\"inLanguage\":\"en-US\"},{\"@type\":\"Organization\",\"@id\":\"https:\\\/\\\/maschinenring-medical.de\\\/#organization\",\"name\":\"Maschinenring Medical\",\"url\":\"https:\\\/\\\/maschinenring-medical.de\\\/\",\"logo\":{\"@type\":\"ImageObject\",\"inLanguage\":\"en-US\",\"@id\":\"https:\\\/\\\/maschinenring-medical.de\\\/#\\\/schema\\\/logo\\\/image\\\/\",\"url\":\"https:\\\/\\\/maschinenring-medical.de\\\/wp-content\\\/uploads\\\/2025\\\/12\\\/Logo-Maschinenring-Medical-NEGATIV-Weiss-scaled.png\",\"contentUrl\":\"https:\\\/\\\/maschinenring-medical.de\\\/wp-content\\\/uploads\\\/2025\\\/12\\\/Logo-Maschinenring-Medical-NEGATIV-Weiss-scaled.png\",\"width\":2560,\"height\":876,\"caption\":\"Maschinenring Medical\"},\"image\":{\"@id\":\"https:\\\/\\\/maschinenring-medical.de\\\/#\\\/schema\\\/logo\\\/image\\\/\"}}]}<\/script>\n<!-- \/ Yoast SEO plugin. -->","yoast_head_json":{"title":"About us - Maschinenring Medical","robots":{"index":"index","follow":"follow","max-snippet":"max-snippet:-1","max-image-preview":"max-image-preview:large","max-video-preview":"max-video-preview:-1"},"canonical":"https:\/\/maschinenring-medical.de\/en\/about-us\/","og_locale":"en_US","og_type":"article","og_title":"\u00dcber uns - Maschinenring Medical","og_description":"Menschen verbinden, Menschen unterst\u00fctzen und Menschen helfen \u00a0 Der Ursprung des Maschinenrings bestand darin, Gemeinsamkeit zu schaffen, zu helfen, zu organisieren, zu unterst\u00fctzen und als Gemeinschaft gest\u00e4rkt zu handeln. Zum einen, um Maschinen gemeinsam zu nutzen, aber auch um Erfahrungen auszutauschen, f\u00fcreinander da zu sein und vor allem, in Notsituationen gemeinsam zu helfen. Das ist [&hellip;]","og_url":"https:\/\/maschinenring-medical.de\/en\/about-us\/","og_site_name":"Maschinenring Medical","article_modified_time":"2026-01-22T12:55:15+00:00","og_image":[{"url":"https:\/\/maschinenring-medical.de\/wp-content\/uploads\/elementor\/thumbs\/haushaltshilfe-rhxult9go40hsg4n6gnvnhz6ayxpqasr66ugwl8ld4.webp","type":"","width":"","height":""}],"twitter_card":"summary_large_image","twitter_misc":{"Est. reading time":"1 minute"},"schema":{"@context":"https:\/\/schema.org","@graph":[{"@type":"WebPage","@id":"https:\/\/maschinenring-medical.de\/ueber-uns\/","url":"https:\/\/maschinenring-medical.de\/ueber-uns\/","name":"About us - Maschinenring Medical","isPartOf":{"@id":"https:\/\/maschinenring-medical.de\/#website"},"primaryImageOfPage":{"@id":"https:\/\/maschinenring-medical.de\/ueber-uns\/#primaryimage"},"image":{"@id":"https:\/\/maschinenring-medical.de\/ueber-uns\/#primaryimage"},"thumbnailUrl":"https:\/\/maschinenring-medical.de\/wp-content\/uploads\/elementor\/thumbs\/haushaltshilfe-rhxult9go40hsg4n6gnvnhz6ayxpqasr66ugwl8ld4.webp","datePublished":"2026-01-20T13:23:26+00:00","dateModified":"2026-01-22T12:55:15+00:00","breadcrumb":{"@id":"https:\/\/maschinenring-medical.de\/ueber-uns\/#breadcrumb"},"inLanguage":"en-US","potentialAction":[{"@type":"ReadAction","target":["https:\/\/maschinenring-medical.de\/ueber-uns\/"]}]},{"@type":"ImageObject","inLanguage":"en-US","@id":"https:\/\/maschinenring-medical.de\/ueber-uns\/#primaryimage","url":"https:\/\/maschinenring-medical.de\/wp-content\/uploads\/elementor\/thumbs\/haushaltshilfe-rhxult9go40hsg4n6gnvnhz6ayxpqasr66ugwl8ld4.webp","contentUrl":"https:\/\/maschinenring-medical.de\/wp-content\/uploads\/elementor\/thumbs\/haushaltshilfe-rhxult9go40hsg4n6gnvnhz6ayxpqasr66ugwl8ld4.webp"},{"@type":"BreadcrumbList","@id":"https:\/\/maschinenring-medical.de\/ueber-uns\/#breadcrumb","itemListElement":[{"@type":"ListItem","position":1,"name":"Start","item":"https:\/\/maschinenring-medical.de\/"},{"@type":"ListItem","position":2,"name":"\u00dcber uns"}]},{"@type":"WebSite","@id":"https:\/\/maschinenring-medical.de\/#website","url":"https:\/\/maschinenring-medical.de\/","name":"Maschinenring Medical","description":"Placement of specialists for the medical sector","publisher":{"@id":"https:\/\/maschinenring-medical.de\/#organization"},"potentialAction":[{"@type":"SearchAction","target":{"@type":"EntryPoint","urlTemplate":"https:\/\/maschinenring-medical.de\/?s={search_term_string}"},"query-input":{"@type":"PropertyValueSpecification","valueRequired":true,"valueName":"search_term_string"}}],"inLanguage":"en-US"},{"@type":"Organization","@id":"https:\/\/maschinenring-medical.de\/#organization","name":"Maschinenring Medical","url":"https:\/\/maschinenring-medical.de\/","logo":{"@type":"ImageObject","inLanguage":"en-US","@id":"https:\/\/maschinenring-medical.de\/#\/schema\/logo\/image\/","url":"https:\/\/maschinenring-medical.de\/wp-content\/uploads\/2025\/12\/Logo-Maschinenring-Medical-NEGATIV-Weiss-scaled.png","contentUrl":"https:\/\/maschinenring-medical.de\/wp-content\/uploads\/2025\/12\/Logo-Maschinenring-Medical-NEGATIV-Weiss-scaled.png","width":2560,"height":876,"caption":"Maschinenring Medical"},"image":{"@id":"https:\/\/maschinenring-medical.de\/#\/schema\/logo\/image\/"}}]}},"_links":{"self":[{"href":"https:\/\/maschinenring-medical.de\/en\/wp-json\/wp\/v2\/pages\/792","targetHints":{"allow":["GET"]}}],"collection":[{"href":"https:\/\/maschinenring-medical.de\/en\/wp-json\/wp\/v2\/pages"}],"about":[{"href":"https:\/\/maschinenring-medical.de\/en\/wp-json\/wp\/v2\/types\/page"}],"author":[{"embeddable":true,"href":"https:\/\/maschinenring-medical.de\/en\/wp-json\/wp\/v2\/users\/1"}],"replies":[{"embeddable":true,"href":"https:\/\/maschinenring-medical.de\/en\/wp-json\/wp\/v2\/comments?post=792"}],"version-history":[{"count":55,"href":"https:\/\/maschinenring-medical.de\/en\/wp-json\/wp\/v2\/pages\/792\/revisions"}],"predecessor-version":[{"id":982,"href":"https:\/\/maschinenring-medical.de\/en\/wp-json\/wp\/v2\/pages\/792\/revisions\/982"}],"wp:attachment":[{"href":"https:\/\/maschinenring-medical.de\/en\/wp-json\/wp\/v2\/media?parent=792"}],"curies":[{"name":"wp","href":"https:\/\/api.w.org\/{rel}","templated":true}]}}